{"id":26,"date":"2026-02-27T07:05:22","date_gmt":"2026-02-27T07:05:22","guid":{"rendered":"https:\/\/theoirxenmayr.studentsweb.at\/?page_id=26"},"modified":"2026-04-10T06:45:26","modified_gmt":"2026-04-10T06:45:26","slug":"home","status":"publish","type":"page","link":"https:\/\/theoirxenmayr.studentsweb.at\/","title":{"rendered":"Home"},"content":{"rendered":"\n<div class=\"wp-block-cover has-parallax\" style=\"border-top-left-radius:0px;border-top-right-radius:0px;border-bottom-left-radius:0px;border-bottom-right-radius:0px\"><div class=\"wp-block-cover__image-background wp-image-165 size-full has-parallax\" style=\"background-position:50% 50%;background-image:url(https:\/\/theoirxenmayr.studentsweb.at\/wp-content\/uploads\/2026\/03\/ahmet-debelemez-Vpu0vrHf3iM-unsplash-scaled.jpg)\"><\/div><span aria-hidden=\"true\" class=\"wp-block-cover__background has-background-dim-60 has-background-dim\" style=\"background-color:#675e53\"><\/span><div class=\"wp-block-cover__inner-container is-layout-constrained wp-block-cover-is-layout-constrained\">\n<p class=\"has-text-align-center has-xxlarge-font-size\">Willkommen bei IRX.<\/p>\n<\/div><\/div>\n\n\n<style>.kb-count-up-26_b88716-49 .kb-count-up-title{font-size:var(--global-kb-font-size-xl, 3rem);font-weight:400;}.kb-count-up-26_b88716-49 .kb-count-up-title{text-align:center;}.kb-count-up-26_b88716-49 .kb-count-up-number{font-size:var(--global-kb-font-size-xxxl, 5rem);font-weight:bold;}.kb-count-up-26_b88716-49 .kb-count-up-number{text-align:center;}<\/style>\n<div class=\"wp-block-kadence-countup kb-count-up-26_b88716-49 kb-count-up\" data-start=\"0\" data-end=\"60\" data-prefix=\"\" data-suffix=\"\" data-duration=\"4\" data-separator=\"\"><div class=\"kb-count-up-process kb-count-up-number\"><\/div><div class=\"kb-count-up-title\">Jahre Erfahrung<strong>.<\/strong><\/div><\/div>\n\n\n\n<div style=\"height:64px\" aria-hidden=\"true\" class=\"wp-block-spacer\"><\/div>\n\n\n\n<div class=\"wp-block-group is-nowrap is-layout-flex wp-container-core-group-is-layout-ad2f72ca wp-block-group-is-layout-flex\">\n<div class=\"wp-block-group\"><div class=\"wp-block-group__inner-container is-layout-constrained wp-block-group-is-layout-constrained\">\n<p class=\"has-text-align-center\" style=\"font-size:20px\"><strong>IRX Karosserie<\/strong> besteht seit <strong>\u00fcber 50 Jahren<\/strong>. Der Betrieb wurde <strong>1965<\/strong> von Franz und Waltraud Irxenmayr in <strong>St. Valentin\/Rems<\/strong> gegr\u00fcndet. Im Jahr <strong>2011<\/strong> \u00fcbernahm Franz Irxenmayr jun. das Unternehmen in zweiter Generation.<\/p>\n\n\n\n<p class=\"has-text-align-center\" style=\"font-size:20px\">Seit mehr als einem halben Jahrhundert ist die <strong>Philosophie des Hauses unver\u00e4ndert<\/strong> geblieben: engagierte und gesch\u00e4tzte Mitarbeiterinnen und Mitarbeiter, die mit Flei\u00df, Fachkompetenz und handwerklichem Geschick f\u00fcr die <strong>bew\u00e4hrte IRX-Reparaturqualit\u00e4t<\/strong> stehen.<\/p>\n\n\n\n<p class=\"has-text-align-center\" style=\"font-size:20px\"><strong>Traditionelle Werte verbunden mit modernster Technik<\/strong> \u2013 eine Kombination, die von Mitarbeitenden wie Kundinnen und Kunden gleicherma\u00dfen gesch\u00e4tzt wird.<\/p>\n<\/div><\/div>\n<\/div>\n\n\n\n<div style=\"height:5px\" aria-hidden=\"true\" class=\"wp-block-spacer\"><\/div>\n\n\n<div class=\"wp-block-image\">\n<figure class=\"aligncenter size-full is-resized\"><img loading=\"lazy\" decoding=\"async\" width=\"727\" height=\"338\" src=\"https:\/\/theoirxenmayr.studentsweb.at\/wp-content\/uploads\/2026\/03\/image-1.png\" alt=\"\" class=\"wp-image-200\" style=\"aspect-ratio:2.150960250111657;width:478px;height:auto\" srcset=\"https:\/\/theoirxenmayr.studentsweb.at\/wp-content\/uploads\/2026\/03\/image-1.png 727w, https:\/\/theoirxenmayr.studentsweb.at\/wp-content\/uploads\/2026\/03\/image-1-300x139.png 300w\" sizes=\"auto, (max-width: 727px) 100vw, 727px\" \/><\/figure>\n<\/div>\n\n\n<div style=\"height:30px\" aria-hidden=\"true\" class=\"wp-block-spacer\"><\/div>\n\n\n<style>.kt-blocks-testimonials-wrap26_526410-42 .kt-svg-testimonial-global-icon{font-size:30px;}.kt-blocks-testimonials-wrap26_526410-42 .kt-testimonial-item-0 .kt-svg-testimonial-icon{font-size:50px;}.kt-blocks-testimonials-wrap26_526410-42 .kt-testimonial-rating-wrap .kb-svg-icon-wrap{color:#ffd700;font-size:16px;}.kt-blocks-testimonials-wrap26_526410-42 .kt-testimonial-grid-wrap{gap:var(--global-kb-gap-md, 2rem);}.kt-blocks-testimonials-wrap26_526410-42 .kt-testimonial-item-wrap{padding-top:20px;padding-right:20px;padding-bottom:20px;padding-left:20px;}.kt-blocks-testimonials-wrap26_526410-42 .kt-testimonial-occupation{font-size:15px;}.kt-blocks-testimonials-wrap26_526410-42 .kt-testimonial-item-wrap{max-width:500px;}.kt-blocks-testimonials-wrap26_526410-42 .kt-testimonial-media-inner-wrap{width:60px;border-top:0px solid;border-right:0px solid;border-bottom:0px solid;border-left:0px solid;padding-top:0px;padding-right:0px;padding-bottom:0px;padding-left:0px;}.kt-blocks-testimonials-wrap26_526410-42 .kt-svg-testimonial-icon{justify-content:center;align-items:center;}@media all and (max-width: 1024px){.kt-blocks-testimonials-wrap26_526410-42 .kt-testimonial-media-inner-wrap{border-top:0px solid;border-right:0px solid;border-bottom:0px solid;border-left:0px solid;}}@media all and (max-width: 767px){.kt-blocks-testimonials-wrap26_526410-42{padding-top:px;padding-bottom:px;margin-top:px;margin-bottom:px;}.kt-blocks-testimonials-wrap26_526410-42 .kt-testimonial-media-inner-wrap{border-top:0px solid;border-right:0px solid;border-bottom:0px solid;border-left:0px solid;}}<\/style><div class=\"kt-blocks-testimonials-wrap26_526410-42 kt-testimonial-halign-center kt-testimonial-style-basic kt-testimonials-media-on kt-testimonials-icon-off kt-testimonial-columns-1 kt-t-xxl-col-1 kt-t-xl-col-1 kt-t-lg-col-1 kt-t-md-col-1 kt-t-sm-col-1 kt-t-xs-col-1 wp-block-kadence-testimonials\"><ul class=\"kt-blocks-testimonials-inner-wrap kt-testimonial-grid-wrap\">\n<li class=\"kt-testimonial-grid-item\"><div class=\"kt-testimonial-item-wrap kt-testimonial-item-26_10692e-4d wp-block-kadence-testimonial\"><div class=\"kt-testimonial-text-wrap\"><div class=\"kt-testimonial-title-wrap\"><h2 class=\"kt-testimonial-title\">Einfach top!!!!<\/h2><\/div><div class=\"kt-testimonial-content-wrap\"><blockquote class=\"kt-testimonial-content\">Komme extra aus der Steiermark. Arbeit super genau, Preis Leistung perfekt!! So eine Werkstatt mann selten. Nur zu Empfehlen!!! DANKE<\/blockquote><\/div><\/div><div class=\"kt-testimonial-meta-wrap\"><div class=\"kt-testimonial-media-wrap\"><div class=\"kt-testimonial-media-inner-wrap\"><div class=\"kadence-testimonial-image-intrisic\"><img loading=\"lazy\" decoding=\"async\" width=\"150\" height=\"150\" src=\"https:\/\/theoirxenmayr.studentsweb.at\/wp-content\/uploads\/2026\/04\/mario-la-pergola-iEpOxUNAjbo-unsplash-150x150.jpg\" class=\"kt-testimonial-image wp-image-296 size-thumbnail\" alt=\"\" srcset=\"https:\/\/theoirxenmayr.studentsweb.at\/wp-content\/uploads\/2026\/04\/mario-la-pergola-iEpOxUNAjbo-unsplash-150x150.jpg 150w, https:\/\/theoirxenmayr.studentsweb.at\/wp-content\/uploads\/2026\/04\/mario-la-pergola-iEpOxUNAjbo-unsplash-300x300.jpg 300w, https:\/\/theoirxenmayr.studentsweb.at\/wp-content\/uploads\/2026\/04\/mario-la-pergola-iEpOxUNAjbo-unsplash-1024x1024.jpg 1024w, https:\/\/theoirxenmayr.studentsweb.at\/wp-content\/uploads\/2026\/04\/mario-la-pergola-iEpOxUNAjbo-unsplash-768x768.jpg 768w, https:\/\/theoirxenmayr.studentsweb.at\/wp-content\/uploads\/2026\/04\/mario-la-pergola-iEpOxUNAjbo-unsplash-1536x1536.jpg 1536w, https:\/\/theoirxenmayr.studentsweb.at\/wp-content\/uploads\/2026\/04\/mario-la-pergola-iEpOxUNAjbo-unsplash-2048x2048.jpg 2048w\" sizes=\"auto, (max-width: 150px) 100vw, 150px\" \/><\/div><\/div><\/div><div class=\"kt-testimonial-meta-name-wrap\"><div class=\"kt-testimonial-name-wrap\"><div class=\"kt-testimonial-name\">Maria Gusenbauer<\/div><\/div><div class=\"kt-testimonial-occupation-wrap\"><div class=\"kt-testimonial-occupation\">Bruck an der Mur<\/div><\/div><\/div><\/div><\/div><\/li>\n<\/ul><\/div>\n\n\n<div style=\"height:5px\" aria-hidden=\"true\" class=\"wp-block-spacer\"><\/div>\n\n\n<style>.kt-blocks-testimonials-wrap26_42079b-8b .kt-svg-testimonial-global-icon{font-size:30px;}.kt-blocks-testimonials-wrap26_42079b-8b .kt-testimonial-item-0 .kt-svg-testimonial-icon{font-size:50px;}.kt-blocks-testimonials-wrap26_42079b-8b .kt-testimonial-rating-wrap .kb-svg-icon-wrap{color:#ffd700;font-size:16px;}.kt-blocks-testimonials-wrap26_42079b-8b .kt-testimonial-grid-wrap{gap:var(--global-kb-gap-md, 2rem);}.kt-blocks-testimonials-wrap26_42079b-8b .kt-testimonial-item-wrap{padding-top:20px;padding-right:20px;padding-bottom:20px;padding-left:20px;}.kt-blocks-testimonials-wrap26_42079b-8b .kt-testimonial-occupation{font-size:15px;}.kt-blocks-testimonials-wrap26_42079b-8b .kt-testimonial-item-wrap{max-width:500px;}.kt-blocks-testimonials-wrap26_42079b-8b .kt-testimonial-media-inner-wrap{width:60px;border-top:0px solid;border-right:0px solid;border-bottom:0px solid;border-left:0px solid;padding-top:0px;padding-right:0px;padding-bottom:0px;padding-left:0px;}.kt-blocks-testimonials-wrap26_42079b-8b .kt-svg-testimonial-icon{justify-content:center;align-items:center;}@media all and (max-width: 1024px){.kt-blocks-testimonials-wrap26_42079b-8b .kt-testimonial-media-inner-wrap{border-top:0px solid;border-right:0px solid;border-bottom:0px solid;border-left:0px solid;}}@media all and (max-width: 767px){.kt-blocks-testimonials-wrap26_42079b-8b{padding-top:px;padding-bottom:px;margin-top:px;margin-bottom:px;}.kt-blocks-testimonials-wrap26_42079b-8b .kt-testimonial-media-inner-wrap{border-top:0px solid;border-right:0px solid;border-bottom:0px solid;border-left:0px solid;}}<\/style><div class=\"kt-blocks-testimonials-wrap26_42079b-8b kt-testimonial-halign-center kt-testimonial-style-basic kt-testimonials-media-on kt-testimonials-icon-off kt-testimonial-columns-1 kt-t-xxl-col-1 kt-t-xl-col-1 kt-t-lg-col-1 kt-t-md-col-1 kt-t-sm-col-1 kt-t-xs-col-1 wp-block-kadence-testimonials\"><ul class=\"kt-blocks-testimonials-inner-wrap kt-testimonial-grid-wrap\">\n<li class=\"kt-testimonial-grid-item\"><div class=\"kt-testimonial-item-wrap kt-testimonial-item-26_c7f1fd-fa wp-block-kadence-testimonial\"><div class=\"kt-testimonial-text-wrap\"><div class=\"kt-testimonial-title-wrap\"><h2 class=\"kt-testimonial-title\">jederzeit wieder<\/h2><\/div><div class=\"kt-testimonial-content-wrap\"><blockquote class=\"kt-testimonial-content\">Ich war zum ersten mal dort und muss einfach sagen Spitzenklasse diese Firma. Empfangsdame und Chef supernett und kompetent. Hier wird noch wert auf ein pers\u00f6nliches und entgegenkommendes Gespr\u00e4ch gelegt. Reperatur wurde professionel und vollst\u00e4ndig zufrieden durchgef\u00fchrt. Danke nochmal f\u00fcr die Top Leistung.<\/blockquote><\/div><\/div><div class=\"kt-testimonial-meta-wrap\"><div class=\"kt-testimonial-media-wrap\"><div class=\"kt-testimonial-media-inner-wrap\"><div class=\"kadence-testimonial-image-intrisic\"><img loading=\"lazy\" decoding=\"async\" width=\"72\" height=\"72\" src=\"https:\/\/theoirxenmayr.studentsweb.at\/wp-content\/uploads\/2026\/04\/unnamed-1.png\" class=\"kt-testimonial-image wp-image-260 size-thumbnail\" alt=\"\" \/><\/div><\/div><\/div><div class=\"kt-testimonial-meta-name-wrap\"><div class=\"kt-testimonial-name-wrap\"><div class=\"kt-testimonial-name\">Franz Lichtenberger<\/div><\/div><div class=\"kt-testimonial-occupation-wrap\"><div class=\"kt-testimonial-occupation\">Perg<\/div><\/div><\/div><\/div><\/div><\/li>\n<\/ul><\/div>\n\n\n<div style=\"height:5px\" aria-hidden=\"true\" class=\"wp-block-spacer\"><\/div>\n\n\n<style>.kt-blocks-testimonials-wrap26_d9c8b7-50 .kt-svg-testimonial-global-icon{font-size:30px;}.kt-blocks-testimonials-wrap26_d9c8b7-50 .kt-testimonial-item-0 .kt-svg-testimonial-icon{font-size:50px;}.kt-blocks-testimonials-wrap26_d9c8b7-50 .kt-testimonial-rating-wrap .kb-svg-icon-wrap{color:#ffd700;font-size:16px;}.kt-blocks-testimonials-wrap26_d9c8b7-50 .kt-testimonial-grid-wrap{gap:var(--global-kb-gap-md, 2rem);}.kt-blocks-testimonials-wrap26_d9c8b7-50 .kt-testimonial-item-wrap{padding-top:20px;padding-right:20px;padding-bottom:20px;padding-left:20px;}.kt-blocks-testimonials-wrap26_d9c8b7-50 .kt-testimonial-occupation{font-size:15px;}.kt-blocks-testimonials-wrap26_d9c8b7-50 .kt-testimonial-item-wrap{max-width:500px;}.kt-blocks-testimonials-wrap26_d9c8b7-50 .kt-testimonial-media-inner-wrap{width:60px;border-top:0px solid;border-right:0px solid;border-bottom:0px solid;border-left:0px solid;padding-top:0px;padding-right:0px;padding-bottom:0px;padding-left:0px;}.kt-blocks-testimonials-wrap26_d9c8b7-50 .kt-svg-testimonial-icon{justify-content:center;align-items:center;}@media all and (max-width: 1024px){.kt-blocks-testimonials-wrap26_d9c8b7-50 .kt-testimonial-media-inner-wrap{border-top:0px solid;border-right:0px solid;border-bottom:0px solid;border-left:0px solid;}}@media all and (max-width: 767px){.kt-blocks-testimonials-wrap26_d9c8b7-50{padding-top:px;padding-bottom:px;margin-top:px;margin-bottom:px;}.kt-blocks-testimonials-wrap26_d9c8b7-50 .kt-testimonial-media-inner-wrap{border-top:0px solid;border-right:0px solid;border-bottom:0px solid;border-left:0px solid;}}<\/style><div class=\"kt-blocks-testimonials-wrap26_d9c8b7-50 kt-testimonial-halign-center kt-testimonial-style-basic kt-testimonials-media-on kt-testimonials-icon-off kt-testimonial-columns-1 kt-t-xxl-col-1 kt-t-xl-col-1 kt-t-lg-col-1 kt-t-md-col-1 kt-t-sm-col-1 kt-t-xs-col-1 wp-block-kadence-testimonials\"><ul class=\"kt-blocks-testimonials-inner-wrap kt-testimonial-grid-wrap\">\n<li class=\"kt-testimonial-grid-item\"><div class=\"kt-testimonial-item-wrap kt-testimonial-item-26_6355c5-63 wp-block-kadence-testimonial\"><div class=\"kt-testimonial-text-wrap\"><div class=\"kt-testimonial-title-wrap\"><h2 class=\"kt-testimonial-title\">Klare Empfehlung!<\/h2><\/div><div class=\"kt-testimonial-content-wrap\"><blockquote class=\"kt-testimonial-content\">Super Werkstatt! Die Sch\u00e4tzungen, wie lange die Reparatur dauert, sind (auch nach Erfahrungen anderer, die ich kenne), stets genau. Kann ich nur empfehlen.<\/blockquote><\/div><\/div><div class=\"kt-testimonial-meta-wrap\"><div class=\"kt-testimonial-media-wrap\"><div class=\"kt-testimonial-media-inner-wrap\"><div class=\"kadence-testimonial-image-intrisic\"><img loading=\"lazy\" decoding=\"async\" width=\"150\" height=\"150\" src=\"https:\/\/theoirxenmayr.studentsweb.at\/wp-content\/uploads\/2026\/04\/daniele-franchi-HNHpfGnp9mo-unsplash-150x150.jpg\" class=\"kt-testimonial-image wp-image-261 size-thumbnail\" alt=\"\" \/><\/div><\/div><\/div><div class=\"kt-testimonial-meta-name-wrap\"><div class=\"kt-testimonial-name-wrap\"><div class=\"kt-testimonial-name\">Markus Hofbauer<\/div><\/div><div class=\"kt-testimonial-occupation-wrap\"><div class=\"kt-testimonial-occupation\">Neuhofen\/Ybbs<\/div><\/div><\/div><\/div><\/div><\/li>\n<\/ul><\/div>\n\n\n<div style=\"height:5px\" aria-hidden=\"true\" class=\"wp-block-spacer\"><\/div>\n","protected":false},"excerpt":{"rendered":"<p>IRX Karosserie besteht seit \u00fcber 50 Jahren. Der Betrieb wurde 1965 von Franz und Waltraud Irxenmayr in St. Valentin\/Rems gegr\u00fcndet. Im Jahr 2011 \u00fcbernahm Franz Irxenmayr jun. das Unternehmen in zweiter Generation. Seit mehr als einem halben Jahrhundert ist die Philosophie des Hauses unver\u00e4ndert geblieben: engagierte und gesch\u00e4tzte Mitarbeiterinnen und Mitarbeiter, die mit Flei\u00df, Fachkompetenz&#8230;<\/p>\n","protected":false},"author":1,"featured_media":31,"parent":0,"menu_order":0,"comment_status":"closed","ping_status":"closed","template":"","meta":{"_kad_post_transparent":"","_kad_post_title":"","_kad_post_layout":"","_kad_post_sidebar_id":"","_kad_post_content_style":"","_kad_post_vertical_padding":"","_kad_post_feature":"","_kad_post_feature_position":"","_kad_post_header":false,"_kad_post_footer":false,"_kad_post_classname":"","footnotes":""},"class_list":["post-26","page","type-page","status-publish","has-post-thumbnail","hentry"],"_links":{"self":[{"href":"https:\/\/theoirxenmayr.studentsweb.at\/index.php?rest_route=\/wp\/v2\/pages\/26","targetHints":{"allow":["GET"]}}],"collection":[{"href":"https:\/\/theoirxenmayr.studentsweb.at\/index.php?rest_route=\/wp\/v2\/pages"}],"about":[{"href":"https:\/\/theoirxenmayr.studentsweb.at\/index.php?rest_route=\/wp\/v2\/types\/page"}],"author":[{"embeddable":true,"href":"https:\/\/theoirxenmayr.studentsweb.at\/index.php?rest_route=\/wp\/v2\/users\/1"}],"replies":[{"embeddable":true,"href":"https:\/\/theoirxenmayr.studentsweb.at\/index.php?rest_route=%2Fwp%2Fv2%2Fcomments&post=26"}],"version-history":[{"count":93,"href":"https:\/\/theoirxenmayr.studentsweb.at\/index.php?rest_route=\/wp\/v2\/pages\/26\/revisions"}],"predecessor-version":[{"id":297,"href":"https:\/\/theoirxenmayr.studentsweb.at\/index.php?rest_route=\/wp\/v2\/pages\/26\/revisions\/297"}],"wp:featuredmedia":[{"embeddable":true,"href":"https:\/\/theoirxenmayr.studentsweb.at\/index.php?rest_route=\/wp\/v2\/media\/31"}],"wp:attachment":[{"href":"https:\/\/theoirxenmayr.studentsweb.at\/index.php?rest_route=%2Fwp%2Fv2%2Fmedia&parent=26"}],"curies":[{"name":"wp","href":"https:\/\/api.w.org\/{rel}","templated":true}]}}